{"id":141,"date":"2023-05-24T15:19:28","date_gmt":"2023-05-24T20:19:28","guid":{"rendered":"https:\/\/moldex.com.co\/?page_id=141"},"modified":"2024-10-30T09:55:10","modified_gmt":"2024-10-30T14:55:10","slug":"fabricacion-de-moldes","status":"publish","type":"page","link":"https:\/\/moldex.com.co\/?page_id=141","title":{"rendered":"FABRICACION DE MOLDES"},"content":{"rendered":"\t\t<div data-elementor-type=\"wp-page\" data-elementor-id=\"141\" class=\"elementor elementor-141\">\n\t\t\t\t\t\t<section class=\"elementor-section elementor-top-section elementor-element elementor-element-a6d803d elementor-section-boxed elementor-section-height-default elementor-section-height-default\" data-id=\"a6d803d\" data-element_type=\"section\">\n\t\t\t\t\t\t<div class=\"elementor-container elementor-column-gap-default\">\n\t\t\t\t\t<div class=\"elementor-column elementor-col-100 elementor-top-column elementor-element elementor-element-f1b1a26\" data-id=\"f1b1a26\" data-element_type=\"column\">\n\t\t\t<div class=\"elementor-widget-wrap elementor-element-populated\">\n\t\t\t\t\t\t<div class=\"elementor-element elementor-element-a300202 elementor-widget elementor-widget-heading\" data-id=\"a300202\" data-element_type=\"widget\" data-widget_type=\"heading.default\">\n\t\t\t\t<div class=\"elementor-widget-container\">\n\t\t\t<h2 class=\"elementor-heading-title elementor-size-default\">FABRICACION DE MOLDES<\/h2>\t\t<\/div>\n\t\t\t\t<\/div>\n\t\t\t\t\t<\/div>\n\t\t<\/div>\n\t\t\t\t\t<\/div>\n\t\t<\/section>\n\t\t\t\t<section class=\"elementor-section elementor-top-section elementor-element elementor-element-9753cdc elementor-section-boxed elementor-section-height-default elementor-section-height-default\" data-id=\"9753cdc\" data-element_type=\"section\">\n\t\t\t\t\t\t<div class=\"elementor-container elementor-column-gap-default\">\n\t\t\t\t\t<div class=\"elementor-column elementor-col-100 elementor-top-column elementor-element elementor-element-2c0459a\" data-id=\"2c0459a\" data-element_type=\"column\">\n\t\t\t<div class=\"elementor-widget-wrap elementor-element-populated\">\n\t\t\t\t\t\t<div class=\"elementor-element elementor-element-7686923 elementor-widget-divider--view-line elementor-widget elementor-widget-divider\" data-id=\"7686923\" data-element_type=\"widget\" data-widget_type=\"divider.default\">\n\t\t\t\t<div class=\"elementor-widget-container\">\n\t\t\t\t\t<div class=\"elementor-divider\">\n\t\t\t<span class=\"elementor-divider-separator\">\n\t\t\t\t\t\t<\/span>\n\t\t<\/div>\n\t\t\t\t<\/div>\n\t\t\t\t<\/div>\n\t\t\t\t\t<\/div>\n\t\t<\/div>\n\t\t\t\t\t<\/div>\n\t\t<\/section>\n\t\t\t\t<section class=\"elementor-section elementor-top-section elementor-element elementor-element-b780f7d elementor-section-boxed elementor-section-height-default elementor-section-height-default\" data-id=\"b780f7d\" data-element_type=\"section\">\n\t\t\t\t\t\t<div class=\"elementor-container elementor-column-gap-default\">\n\t\t\t\t\t<div class=\"elementor-column elementor-col-100 elementor-top-column elementor-element elementor-element-1bec592\" data-id=\"1bec592\" data-element_type=\"column\">\n\t\t\t<div class=\"elementor-widget-wrap elementor-element-populated\">\n\t\t\t\t\t\t<div class=\"elementor-element elementor-element-e95210a elementor-invisible elementor-widget elementor-widget-text-editor\" data-id=\"e95210a\" data-element_type=\"widget\" data-settings=\"{&quot;_animation&quot;:&quot;fadeInDown&quot;}\" data-widget_type=\"text-editor.default\">\n\t\t\t\t<div class=\"elementor-widget-container\">\n\t\t\t\t\t\t\t<p>Contamos con un \u00e1rea especializada en la manufactura y fabricacion de moldes, personalizaci\u00f3n de los mismos, permitiendo crear una gran oferta de valor para sus productos.<\/p>\t\t\t\t\t\t<\/div>\n\t\t\t\t<\/div>\n\t\t\t\t\t<\/div>\n\t\t<\/div>\n\t\t\t\t\t<\/div>\n\t\t<\/section>\n\t\t\t\t<section class=\"elementor-section elementor-top-section elementor-element elementor-element-5436b64 elementor-section-boxed elementor-section-height-default elementor-section-height-default\" data-id=\"5436b64\" data-element_type=\"section\">\n\t\t\t\t\t\t<div class=\"elementor-container elementor-column-gap-default\">\n\t\t\t\t\t<div class=\"elementor-column elementor-col-100 elementor-top-column elementor-element elementor-element-9ca9518\" data-id=\"9ca9518\" data-element_type=\"column\">\n\t\t\t<div class=\"elementor-widget-wrap elementor-element-populated\">\n\t\t\t\t\t\t<div class=\"elementor-element elementor-element-ea8e106 elementor-invisible elementor-widget elementor-widget-text-editor\" data-id=\"ea8e106\" data-element_type=\"widget\" data-settings=\"{&quot;_animation&quot;:&quot;fadeInLeft&quot;}\" data-widget_type=\"text-editor.default\">\n\t\t\t\t<div class=\"elementor-widget-container\">\n\t\t\t\t\t\t\t<ul><li>Dise\u00f1o y fabricaci\u00f3n<\/li><\/ul>\t\t\t\t\t\t<\/div>\n\t\t\t\t<\/div>\n\t\t\t\t\t<\/div>\n\t\t<\/div>\n\t\t\t\t\t<\/div>\n\t\t<\/section>\n\t\t\t\t<section class=\"elementor-section elementor-top-section elementor-element elementor-element-22c39b0 elementor-section-boxed elementor-section-height-default elementor-section-height-default\" data-id=\"22c39b0\" data-element_type=\"section\">\n\t\t\t\t\t\t<div class=\"elementor-container elementor-column-gap-default\">\n\t\t\t\t\t<div class=\"elementor-column elementor-col-100 elementor-top-column elementor-element elementor-element-7b2e081\" data-id=\"7b2e081\" data-element_type=\"column\">\n\t\t\t<div class=\"elementor-widget-wrap elementor-element-populated\">\n\t\t\t\t\t\t<div class=\"elementor-element elementor-element-c46fd20 elementor-invisible elementor-widget elementor-widget-text-editor\" data-id=\"c46fd20\" data-element_type=\"widget\" data-settings=\"{&quot;_animation&quot;:&quot;fadeInLeft&quot;}\" data-widget_type=\"text-editor.default\">\n\t\t\t\t<div class=\"elementor-widget-container\">\n\t\t\t\t\t\t\t<ul><li>Desarrollo de prototipos<\/li><\/ul>\t\t\t\t\t\t<\/div>\n\t\t\t\t<\/div>\n\t\t\t\t\t<\/div>\n\t\t<\/div>\n\t\t\t\t\t<\/div>\n\t\t<\/section>\n\t\t\t\t<section class=\"elementor-section elementor-top-section elementor-element elementor-element-d813421 elementor-section-boxed elementor-section-height-default elementor-section-height-default\" data-id=\"d813421\" data-element_type=\"section\">\n\t\t\t\t\t\t<div class=\"elementor-container elementor-column-gap-default\">\n\t\t\t\t\t<div class=\"elementor-column elementor-col-100 elementor-top-column elementor-element elementor-element-f02046a\" data-id=\"f02046a\" data-element_type=\"column\">\n\t\t\t<div class=\"elementor-widget-wrap elementor-element-populated\">\n\t\t\t\t\t\t<div class=\"elementor-element elementor-element-f842575 elementor-invisible elementor-widget elementor-widget-text-editor\" data-id=\"f842575\" data-element_type=\"widget\" data-settings=\"{&quot;_animation&quot;:&quot;fadeInLeft&quot;}\" data-widget_type=\"text-editor.default\">\n\t\t\t\t<div class=\"elementor-widget-container\">\n\t\t\t\t\t\t\t<ul><li>Planos<\/li><\/ul>\t\t\t\t\t\t<\/div>\n\t\t\t\t<\/div>\n\t\t\t\t\t<\/div>\n\t\t<\/div>\n\t\t\t\t\t<\/div>\n\t\t<\/section>\n\t\t\t\t<section class=\"elementor-section elementor-top-section elementor-element elementor-element-79edba7 elementor-section-boxed elementor-section-height-default elementor-section-height-default\" data-id=\"79edba7\" data-element_type=\"section\">\n\t\t\t\t\t\t<div class=\"elementor-container elementor-column-gap-default\">\n\t\t\t\t\t<div class=\"elementor-column elementor-col-100 elementor-top-column elementor-element elementor-element-ab9ca47\" data-id=\"ab9ca47\" data-element_type=\"column\">\n\t\t\t<div class=\"elementor-widget-wrap elementor-element-populated\">\n\t\t\t\t\t\t<div class=\"elementor-element elementor-element-7760324 elementor-widget-divider--view-line elementor-widget elementor-widget-divider\" data-id=\"7760324\" data-element_type=\"widget\" data-widget_type=\"divider.default\">\n\t\t\t\t<div class=\"elementor-widget-container\">\n\t\t\t\t\t<div class=\"elementor-divider\">\n\t\t\t<span class=\"elementor-divider-separator\">\n\t\t\t\t\t\t<\/span>\n\t\t<\/div>\n\t\t\t\t<\/div>\n\t\t\t\t<\/div>\n\t\t\t\t\t<\/div>\n\t\t<\/div>\n\t\t\t\t\t<\/div>\n\t\t<\/section>\n\t\t\t\t<section class=\"elementor-section elementor-top-section elementor-element elementor-element-7f38bff elementor-section-boxed elementor-section-height-default elementor-section-height-default\" data-id=\"7f38bff\" data-element_type=\"section\">\n\t\t\t\t\t\t<div class=\"elementor-container elementor-column-gap-default\">\n\t\t\t\t\t<div class=\"elementor-column elementor-col-33 elementor-top-column elementor-element elementor-element-9197b8b\" data-id=\"9197b8b\" data-element_type=\"column\">\n\t\t\t<div class=\"elementor-widget-wrap elementor-element-populated\">\n\t\t\t\t\t\t<div class=\"elementor-element elementor-element-136e44b elementor-invisible elementor-widget elementor-widget-image\" data-id=\"136e44b\" data-element_type=\"widget\" data-settings=\"{&quot;_animation&quot;:&quot;zoomIn&quot;}\" data-widget_type=\"image.default\">\n\t\t\t\t<div class=\"elementor-widget-container\">\n\t\t\t\t\t\t\t\t\t\t\t\t\t<img decoding=\"async\" src=\"https:\/\/moldex.com.co\/wp-content\/uploads\/elementor\/thumbs\/sin-nombre-6-scaled-q7prx8qrqoywerc1fj9kn8vhpvq334stb1bg9zgwrc.jpg\" title=\"sin nombre (6)\" alt=\"\" class=\"elementor-animation-grow\" loading=\"lazy\" \/>\t\t\t\t\t\t\t\t\t\t\t\t\t<\/div>\n\t\t\t\t<\/div>\n\t\t\t\t\t<\/div>\n\t\t<\/div>\n\t\t\t\t<div class=\"elementor-column elementor-col-33 elementor-top-column elementor-element elementor-element-e8aa5c8\" data-id=\"e8aa5c8\" data-element_type=\"column\">\n\t\t\t<div class=\"elementor-widget-wrap elementor-element-populated\">\n\t\t\t\t\t\t<div class=\"elementor-element elementor-element-07e6d13 elementor-invisible elementor-widget elementor-widget-image\" data-id=\"07e6d13\" data-element_type=\"widget\" data-settings=\"{&quot;_animation&quot;:&quot;zoomIn&quot;}\" data-widget_type=\"image.default\">\n\t\t\t\t<div class=\"elementor-widget-container\">\n\t\t\t\t\t\t\t\t\t\t\t\t\t<img decoding=\"async\" src=\"https:\/\/moldex.com.co\/wp-content\/uploads\/elementor\/thumbs\/sin-nombre-4-q7prwsriiid0xdz90ucwyuwnmbwuga1dku874a4lp4.jpg\" title=\"KONICA MINOLTA DIGITAL CAMERA\" alt=\"\" class=\"elementor-animation-grow\" loading=\"lazy\" \/>\t\t\t\t\t\t\t\t\t\t\t\t\t<\/div>\n\t\t\t\t<\/div>\n\t\t\t\t\t<\/div>\n\t\t<\/div>\n\t\t\t\t<div class=\"elementor-column elementor-col-33 elementor-top-column elementor-element elementor-element-4de351f\" data-id=\"4de351f\" data-element_type=\"column\">\n\t\t\t<div class=\"elementor-widget-wrap elementor-element-populated\">\n\t\t\t\t\t\t<div class=\"elementor-element elementor-element-b460bf8 elementor-invisible elementor-widget elementor-widget-image\" data-id=\"b460bf8\" data-element_type=\"widget\" data-settings=\"{&quot;_animation&quot;:&quot;zoomIn&quot;}\" data-widget_type=\"image.default\">\n\t\t\t\t<div class=\"elementor-widget-container\">\n\t\t\t\t\t\t\t\t\t\t\t\t\t<img decoding=\"async\" src=\"https:\/\/moldex.com.co\/wp-content\/uploads\/elementor\/thumbs\/sin-nombre-5-scaled-q7prwzcducm16npoyf7ayb8vs10ey5rhxqslh7uuhk.jpg\" title=\"sin nombre (5)\" alt=\"\" class=\"elementor-animation-grow\" loading=\"lazy\" \/>\t\t\t\t\t\t\t\t\t\t\t\t\t<\/div>\n\t\t\t\t<\/div>\n\t\t\t\t\t<\/div>\n\t\t<\/div>\n\t\t\t\t\t<\/div>\n\t\t<\/section>\n\t\t\t\t<section class=\"elementor-section elementor-top-section elementor-element elementor-element-eddab0f elementor-section-boxed elementor-section-height-default elementor-section-height-default\" data-id=\"eddab0f\" data-element_type=\"section\">\n\t\t\t\t\t\t<div class=\"elementor-container elementor-column-gap-default\">\n\t\t\t\t\t<div class=\"elementor-column elementor-col-50 elementor-top-column elementor-element elementor-element-9213a54\" data-id=\"9213a54\" data-element_type=\"column\">\n\t\t\t<div class=\"elementor-widget-wrap elementor-element-populated\">\n\t\t\t\t\t\t<div class=\"elementor-element elementor-element-ef7f3bf elementor-invisible elementor-widget elementor-widget-image\" data-id=\"ef7f3bf\" data-element_type=\"widget\" data-settings=\"{&quot;_animation&quot;:&quot;zoomIn&quot;}\" data-widget_type=\"image.default\">\n\t\t\t\t<div class=\"elementor-widget-container\">\n\t\t\t\t\t\t\t\t\t\t\t\t\t<img fetchpriority=\"high\" decoding=\"async\" width=\"1024\" height=\"768\" src=\"https:\/\/moldex.com.co\/wp-content\/uploads\/2023\/06\/sin-nombre-3-1024x768.jpg\" class=\"elementor-animation-grow attachment-large size-large wp-image-439\" alt=\"\" srcset=\"https:\/\/moldex.com.co\/wp-content\/uploads\/2023\/06\/sin-nombre-3-1024x768.jpg 1024w, https:\/\/moldex.com.co\/wp-content\/uploads\/2023\/06\/sin-nombre-3-300x225.jpg 300w, https:\/\/moldex.com.co\/wp-content\/uploads\/2023\/06\/sin-nombre-3-768x576.jpg 768w, https:\/\/moldex.com.co\/wp-content\/uploads\/2023\/06\/sin-nombre-3-1536x1152.jpg 1536w, https:\/\/moldex.com.co\/wp-content\/uploads\/2023\/06\/sin-nombre-3.jpg 1600w\" sizes=\"(max-width: 1024px) 100vw, 1024px\" \/>\t\t\t\t\t\t\t\t\t\t\t\t\t<\/div>\n\t\t\t\t<\/div>\n\t\t\t\t\t<\/div>\n\t\t<\/div>\n\t\t\t\t<div class=\"elementor-column elementor-col-50 elementor-top-column elementor-element elementor-element-c3f539d\" data-id=\"c3f539d\" data-element_type=\"column\">\n\t\t\t<div class=\"elementor-widget-wrap elementor-element-populated\">\n\t\t\t\t\t\t<div class=\"elementor-element elementor-element-43a0601 elementor-invisible elementor-widget elementor-widget-image\" data-id=\"43a0601\" data-element_type=\"widget\" data-settings=\"{&quot;_animation&quot;:&quot;zoomIn&quot;}\" data-widget_type=\"image.default\">\n\t\t\t\t<div class=\"elementor-widget-container\">\n\t\t\t\t\t\t\t\t\t\t\t\t\t<img decoding=\"async\" width=\"2048\" height=\"1536\" src=\"https:\/\/moldex.com.co\/wp-content\/uploads\/2023\/06\/sin-nombre-2-1-2048x1536.jpg\" class=\"elementor-animation-grow attachment-2048x2048 size-2048x2048 wp-image-438\" alt=\"\" srcset=\"https:\/\/moldex.com.co\/wp-content\/uploads\/2023\/06\/sin-nombre-2-1-2048x1536.jpg 2048w, https:\/\/moldex.com.co\/wp-content\/uploads\/2023\/06\/sin-nombre-2-1-300x225.jpg 300w, https:\/\/moldex.com.co\/wp-content\/uploads\/2023\/06\/sin-nombre-2-1-1024x768.jpg 1024w, https:\/\/moldex.com.co\/wp-content\/uploads\/2023\/06\/sin-nombre-2-1-768x576.jpg 768w, https:\/\/moldex.com.co\/wp-content\/uploads\/2023\/06\/sin-nombre-2-1-1536x1152.jpg 1536w\" sizes=\"(max-width: 2048px) 100vw, 2048px\" \/>\t\t\t\t\t\t\t\t\t\t\t\t\t<\/div>\n\t\t\t\t<\/div>\n\t\t\t\t\t<\/div>\n\t\t<\/div>\n\t\t\t\t\t<\/div>\n\t\t<\/section>\n\t\t\t\t<section class=\"elementor-section elementor-top-section elementor-element elementor-element-92bdf0b elementor-section-boxed elementor-section-height-default elementor-section-height-default\" data-id=\"92bdf0b\" data-element_type=\"section\">\n\t\t\t\t\t\t<div class=\"elementor-container elementor-column-gap-default\">\n\t\t\t\t\t<div class=\"elementor-column elementor-col-100 elementor-top-column elementor-element elementor-element-ac80a80\" data-id=\"ac80a80\" data-element_type=\"column\">\n\t\t\t<div class=\"elementor-widget-wrap elementor-element-populated\">\n\t\t\t\t\t\t<div class=\"elementor-element elementor-element-f387717 elementor-widget-divider--view-line elementor-widget elementor-widget-divider\" data-id=\"f387717\" data-element_type=\"widget\" data-widget_type=\"divider.default\">\n\t\t\t\t<div class=\"elementor-widget-container\">\n\t\t\t\t\t<div class=\"elementor-divider\">\n\t\t\t<span class=\"elementor-divider-separator\">\n\t\t\t\t\t\t<\/span>\n\t\t<\/div>\n\t\t\t\t<\/div>\n\t\t\t\t<\/div>\n\t\t\t\t\t<\/div>\n\t\t<\/div>\n\t\t\t\t\t<\/div>\n\t\t<\/section>\n\t\t\t\t<section class=\"elementor-section elementor-top-section elementor-element elementor-element-7513e27 elementor-section-boxed elementor-section-height-default elementor-section-height-default\" data-id=\"7513e27\" data-element_type=\"section\">\n\t\t\t\t\t\t<div class=\"elementor-container elementor-column-gap-default\">\n\t\t\t\t\t<div class=\"elementor-column elementor-col-100 elementor-top-column elementor-element elementor-element-046c8c2\" data-id=\"046c8c2\" data-element_type=\"column\">\n\t\t\t<div class=\"elementor-widget-wrap elementor-element-populated\">\n\t\t\t\t\t\t<div class=\"elementor-element elementor-element-4dfa8db elementor-widget elementor-widget-image\" data-id=\"4dfa8db\" data-element_type=\"widget\" data-widget_type=\"image.default\">\n\t\t\t\t<div class=\"elementor-widget-container\">\n\t\t\t\t\t\t\t\t\t\t\t\t\t<img decoding=\"async\" width=\"1018\" height=\"1024\" src=\"https:\/\/moldex.com.co\/wp-content\/uploads\/2024\/10\/molde-de-soplado-1018x1024.jpg\" class=\"attachment-large size-large wp-image-779\" alt=\"\" srcset=\"https:\/\/moldex.com.co\/wp-content\/uploads\/2024\/10\/molde-de-soplado-1018x1024.jpg 1018w, https:\/\/moldex.com.co\/wp-content\/uploads\/2024\/10\/molde-de-soplado-298x300.jpg 298w, https:\/\/moldex.com.co\/wp-content\/uploads\/2024\/10\/molde-de-soplado-150x150.jpg 150w, https:\/\/moldex.com.co\/wp-content\/uploads\/2024\/10\/molde-de-soplado-768x772.jpg 768w, https:\/\/moldex.com.co\/wp-content\/uploads\/2024\/10\/molde-de-soplado-1527x1536.jpg 1527w, https:\/\/moldex.com.co\/wp-content\/uploads\/2024\/10\/molde-de-soplado-2036x2048.jpg 2036w\" sizes=\"(max-width: 1018px) 100vw, 1018px\" \/>\t\t\t\t\t\t\t\t\t\t\t\t\t<\/div>\n\t\t\t\t<\/div>\n\t\t\t\t\t<\/div>\n\t\t<\/div>\n\t\t\t\t\t<\/div>\n\t\t<\/section>\n\t\t\t\t<\/div>\n\t\t","protected":false},"excerpt":{"rendered":"<p>FABRICACION DE MOLDES Contamos con un \u00e1rea especializada en la manufactura y fabricacion de moldes, personalizaci\u00f3n de los mismos, permitiendo crear una gran oferta de valor para sus productos. Dise\u00f1o y fabricaci\u00f3n Desarrollo de prototipos Planos<\/p>\n","protected":false},"author":1,"featured_media":0,"parent":0,"menu_order":0,"comment_status":"closed","ping_status":"closed","template":"elementor_header_footer","meta":{"footnotes":""},"class_list":["post-141","page","type-page","status-publish","hentry"],"_links":{"self":[{"href":"https:\/\/moldex.com.co\/index.php?rest_route=\/wp\/v2\/pages\/141","targetHints":{"allow":["GET"]}}],"collection":[{"href":"https:\/\/moldex.com.co\/index.php?rest_route=\/wp\/v2\/pages"}],"about":[{"href":"https:\/\/moldex.com.co\/index.php?rest_route=\/wp\/v2\/types\/page"}],"author":[{"embeddable":true,"href":"https:\/\/moldex.com.co\/index.php?rest_route=\/wp\/v2\/users\/1"}],"replies":[{"embeddable":true,"href":"https:\/\/moldex.com.co\/index.php?rest_route=%2Fwp%2Fv2%2Fcomments&post=141"}],"version-history":[{"count":28,"href":"https:\/\/moldex.com.co\/index.php?rest_route=\/wp\/v2\/pages\/141\/revisions"}],"predecessor-version":[{"id":782,"href":"https:\/\/moldex.com.co\/index.php?rest_route=\/wp\/v2\/pages\/141\/revisions\/782"}],"wp:attachment":[{"href":"https:\/\/moldex.com.co\/index.php?rest_route=%2Fwp%2Fv2%2Fmedia&parent=141"}],"curies":[{"name":"wp","href":"https:\/\/api.w.org\/{rel}","templated":true}]}}